{"id":44624,"date":"2025-02-20T18:34:38","date_gmt":"2025-02-20T17:34:38","guid":{"rendered":"https:\/\/kiwanis.staging.gyta.be\/connexion-3\/"},"modified":"2025-02-24T15:52:21","modified_gmt":"2025-02-24T14:52:21","slug":"connexion-3","status":"publish","type":"page","link":"https:\/\/shop.kiwanis.be\/fr\/connexion-3\/","title":{"rendered":"Connexion"},"content":{"rendered":"\t\t<div data-elementor-type=\"wp-page\" data-elementor-id=\"44624\" class=\"elementor elementor-44624 elementor-44469\" data-elementor-post-type=\"page\">\n\t\t\t\t\t\t<section class=\"elementor-section elementor-top-section elementor-element elementor-element-36aa889e elementor-section-boxed elementor-section-height-default elementor-section-height-default\" data-id=\"36aa889e\" data-element_type=\"section\" data-e-type=\"section\" data-settings=\"{&quot;background_background&quot;:&quot;classic&quot;}\">\n\t\t\t\t\t\t\t<div class=\"elementor-background-overlay\"><\/div>\n\t\t\t\t\t\t\t<div class=\"elementor-container elementor-column-gap-no\">\n\t\t\t\t\t<div class=\"elementor-column elementor-col-100 elementor-top-column elementor-element elementor-element-6c478722\" data-id=\"6c478722\" data-element_type=\"column\" data-e-type=\"column\" data-settings=\"{&quot;background_background&quot;:&quot;classic&quot;}\">\n\t\t\t<div class=\"elementor-widget-wrap elementor-element-populated\">\n\t\t\t\t\t\t<div class=\"elementor-element elementor-element-5a512ab1 elementor-widget elementor-widget-heading\" data-id=\"5a512ab1\" data-element_type=\"widget\" data-e-type=\"widget\" data-widget_type=\"heading.default\">\n\t\t\t\t<div class=\"elementor-widget-container\">\n\t\t\t\t\t<h1 class=\"elementor-heading-title elementor-size-default\">Login<\/h1>\t\t\t\t<\/div>\n\t\t\t\t<\/div>\n\t\t\t\t\t<\/div>\n\t\t<\/div>\n\t\t\t\t\t<\/div>\n\t\t<\/section>\n\t\t\t\t<section class=\"elementor-section elementor-top-section elementor-element elementor-element-7c4a1a18 elementor-section-boxed elementor-section-height-default elementor-section-height-default\" data-id=\"7c4a1a18\" data-element_type=\"section\" data-e-type=\"section\" data-settings=\"{&quot;background_background&quot;:&quot;classic&quot;}\">\n\t\t\t\t\t\t<div class=\"elementor-container elementor-column-gap-no\">\n\t\t\t\t\t<div class=\"elementor-column elementor-col-100 elementor-top-column elementor-element elementor-element-388c05c\" data-id=\"388c05c\" data-element_type=\"column\" data-e-type=\"column\">\n\t\t\t<div class=\"elementor-widget-wrap elementor-element-populated\">\n\t\t\t\t\t\t<section class=\"elementor-section elementor-inner-section elementor-element elementor-element-119ed4d elementor-section-boxed elementor-section-height-default elementor-section-height-default\" data-id=\"119ed4d\" data-element_type=\"section\" data-e-type=\"section\">\n\t\t\t\t\t\t<div class=\"elementor-container elementor-column-gap-default\">\n\t\t\t\t\t<div class=\"elementor-column elementor-col-100 elementor-inner-column elementor-element elementor-element-11e6f83\" data-id=\"11e6f83\" data-element_type=\"column\" data-e-type=\"column\">\n\t\t\t<div class=\"elementor-widget-wrap elementor-element-populated\">\n\t\t\t\t\t\t<div class=\"elementor-element elementor-element-ee220df elementor-widget elementor-widget-heading\" data-id=\"ee220df\" data-element_type=\"widget\" data-e-type=\"widget\" data-widget_type=\"heading.default\">\n\t\t\t\t<div class=\"elementor-widget-container\">\n\t\t\t\t\t<h3 class=\"elementor-heading-title elementor-size-default\">Choisissez votre m\u00e9thode de connexion<\/h3>\t\t\t\t<\/div>\n\t\t\t\t<\/div>\n\t\t\t\t\t<\/div>\n\t\t<\/div>\n\t\t\t\t\t<\/div>\n\t\t<\/section>\n\t\t\t\t\t<\/div>\n\t\t<\/div>\n\t\t\t\t\t<\/div>\n\t\t<\/section>\n\t\t<div class=\"elementor-element elementor-element-f507f64 e-flex e-con-boxed e-con e-parent\" data-id=\"f507f64\" data-element_type=\"container\" data-e-type=\"container\">\n\t\t\t\t\t<div class=\"e-con-inner\">\n\t\t\t\t<div class=\"elementor-element elementor-element-3c6ae4d elementor-widget elementor-widget-html\" data-id=\"3c6ae4d\" data-element_type=\"widget\" data-e-type=\"widget\" data-widget_type=\"html.default\">\n\t\t\t\t<div class=\"elementor-widget-container\">\n\t\t\t\t\t\n    <style>\n\n        .logo-container {\n            text-align: center;\n            margin-bottom: 20px;\n        }\n        .logo-container img {\n            max-width: 300px;\n            height: auto;\n        }\n        .container {\n            background: white;\n            padding: 20px;\n            border-radius: 10px;\n            box-shadow: 0 4px 10px rgba(0, 0, 0, 0.1);\n\n            text-align: center;\n            display: flex;\n            justify-content: space-between;\n            align-items: flex-start;\n            gap: 20px;\n        }\n        .login-section {\n            flex: 1;\n            padding: 20px;\n            border-radius: 8px;\n            background-color: #e3eaf2;\n            display: flex;\n            flex-direction: column;\n            align-items: center;\n        }\n        .login-section h3 {\n            margin-bottom: 10px;\n            color: #1c3d6e;\n        }\n        .btn {\n            display: block;\n            width: 80%;\n            color:white !important;\n            padding: 10px;\n            margin: 10px 0;\n            background: #1c3d6e;\n            color: white;\n            text-decoration: none;\n            font-weight: bold;\n            border-radius: 5px;\n            text-align: center;\n            transition: 0.3s;\n            font-size:24px;\n            font-weight: 200!important;\n        }\n        .btn:hover {\n            background: #142a4e;\n        }\n        @media (max-width:780px) {\n            .container {\n                flex-direction:column;\n            }\n        }\n    <\/style>\n\n\n    <div class=\"container\">\n        <div class=\"login-section\">\n            <h3>Membres Belux<\/h3>\n            <a href=\"https:\/\/shop.kiwanis.be\/fr\/wp-login.php\" class=\"btn\">Se connecter<\/a>\n            <a href=\"https:\/\/shop.kiwanis.be\/fr\/invitation\" class=\"btn\">Cr\u00e9er un compte<\/a>\n            <p><small>Ce compte donne acc\u00e8s \u00e0 la page des membres ainsi qu'\u00e0 la boutique en ligne.<\/small><\/p>\n        <\/div>\n        \n        <div class=\"login-section\">\n            <h3>Non-membres Belux<\/h3>\n            <a href=\"https:\/\/shop.kiwanis.be\/fr\/connexion-2\/\" class=\"btn\">Se connecter<\/a>\n            <a href=\"https:\/\/shop.kiwanis.be\/fr\/mon-compte\/\" class=\"btn\">Cr\u00e9er un compte<\/a>\n            <p><small>Ce compte donne uniquement acc\u00e8s \u00e0 la boutique en ligne pour les non-membres Belux.<\/small><\/p>\n        <\/div>\n    <\/div>\n\t\t\t\t<\/div>\n\t\t\t\t<\/div>\n\t\t\t\t\t<\/div>\n\t\t\t\t<\/div>\n\t\t\t\t<\/div>\n\t\t","protected":false},"excerpt":{"rendered":"<p>Login Choisissez votre m\u00e9thode de connexion Membres Belux Se connecter Cr\u00e9er un compte Ce compte donne acc\u00e8s \u00e0 la page des membres ainsi qu&rsquo;\u00e0 la boutique en ligne. Non-membres Belux Se connecter Cr\u00e9er un compte Ce compte donne uniquement acc\u00e8s \u00e0 la boutique en ligne pour les non-membres Belux.<\/p>\n","protected":false},"author":3,"featured_media":0,"parent":0,"menu_order":0,"comment_status":"closed","ping_status":"closed","template":"elementor_header_footer","meta":{"_acf_changed":false,"iawp_total_views":0,"footnotes":""},"class_list":["post-44624","page","type-page","status-publish","hentry"],"acf":[],"_links":{"self":[{"href":"https:\/\/shop.kiwanis.be\/fr\/wp-json\/wp\/v2\/pages\/44624","targetHints":{"allow":["GET"]}}],"collection":[{"href":"https:\/\/shop.kiwanis.be\/fr\/wp-json\/wp\/v2\/pages"}],"about":[{"href":"https:\/\/shop.kiwanis.be\/fr\/wp-json\/wp\/v2\/types\/page"}],"author":[{"embeddable":true,"href":"https:\/\/shop.kiwanis.be\/fr\/wp-json\/wp\/v2\/users\/3"}],"replies":[{"embeddable":true,"href":"https:\/\/shop.kiwanis.be\/fr\/wp-json\/wp\/v2\/comments?post=44624"}],"version-history":[{"count":3,"href":"https:\/\/shop.kiwanis.be\/fr\/wp-json\/wp\/v2\/pages\/44624\/revisions"}],"predecessor-version":[{"id":44634,"href":"https:\/\/shop.kiwanis.be\/fr\/wp-json\/wp\/v2\/pages\/44624\/revisions\/44634"}],"wp:attachment":[{"href":"https:\/\/shop.kiwanis.be\/fr\/wp-json\/wp\/v2\/media?parent=44624"}],"curies":[{"name":"wp","href":"https:\/\/api.w.org\/{rel}","templated":true}]}}